{"id":1772,"date":"2024-03-10T19:00:04","date_gmt":"2024-03-10T19:00:04","guid":{"rendered":"https:\/\/luckypresentshop.com\/?post_type=product&#038;p=1772"},"modified":"2024-03-10T19:08:46","modified_gmt":"2024-03-10T19:08:46","slug":"100-not-today","status":"publish","type":"product","link":"https:\/\/luckypresentshop.com\/de\/produkt\/100-not-today\/","title":{"rendered":"100% NICHT HEUTE"},"content":{"rendered":"<div data-elementor-type=\"wp-post\" data-elementor-id=\"1772\" class=\"elementor elementor-1772\">\n\t\t\t\t<div class=\"elementor-element elementor-element-9a6fa80 e-flex e-con-boxed e-con e-parent\" data-id=\"9a6fa80\" data-element_type=\"container\">\n\t\t\t\t\t<div class=\"e-con-inner\">\n\t\t\t\t<div class=\"elementor-element elementor-element-09195e9 elementor-widget elementor-widget-wd_image_or_svg\" data-id=\"09195e9\" data-element_type=\"widget\" data-widget_type=\"wd_image_or_svg.default\">\n\t\t\t\t<div class=\"elementor-widget-container\">\n\t\t\t\t\t\n\t\t<div class=\"wd-image text-left\">\n\t\t\t\t\t\t\t\t<img fetchpriority=\"high\" decoding=\"async\" width=\"680\" height=\"280\" src=\"https:\/\/luckypresentshop.com\/wp-content\/uploads\/2023\/04\/description-about-brand-3-opt.jpg\" class=\"attachment-full size-full\" alt=\"\" srcset=\"https:\/\/luckypresentshop.com\/wp-content\/uploads\/2023\/04\/description-about-brand-3-opt.jpg 680w, https:\/\/luckypresentshop.com\/wp-content\/uploads\/2023\/04\/description-about-brand-3-opt-150x62.jpg 150w\" sizes=\"(max-width: 680px) 100vw, 680px\" \/>\t\t\t\t\t<\/div>\n\n\t\t\t\t\t\t<\/div>\n\t\t\t\t<\/div>\n\t\t\t\t<div class=\"elementor-element elementor-element-bfe3ca5 elementor-widget elementor-widget-wd_text_block\" data-id=\"bfe3ca5\" data-element_type=\"widget\" data-widget_type=\"wd_text_block.default\">\n\t\t\t\t<div class=\"elementor-widget-container\">\n\t\t\t\t\t\t\t<div class=\"wd-text-block reset-last-child text-left\">\n\t\t\t\n\t\t\t<p>Das Unternehmen interpretiert Traditionen neu, indem es mit internationalen Designern zusammenarbeitet und neue Technologien und Materialien entwickelt, um innovative und \u00fcberraschende Ergebnisse zu garantieren. Leidenschaft ist der Motor, der die Marke \u2013 gemeinsam mit ihren renommierten Kreativen und prominenten Partnern \u2013 antreibt, nach originellen L\u00f6sungen unter Verwendung fortschrittlicher Materialien, Methoden, Werkzeuge und Technologien zu suchen.<\/p>\n\t\t\t\t\t<\/div>\n\t\t\t\t\t\t<\/div>\n\t\t\t\t<\/div>\n\t\t\t\t<div class=\"elementor-element elementor-element-bc6f4e1 elementor-widget elementor-widget-wd_list\" data-id=\"bc6f4e1\" data-element_type=\"widget\" data-widget_type=\"wd_list.default\">\n\t\t\t\t<div class=\"elementor-widget-container\">\n\t\t\t\t\t\t\t<ul class=\"wd-list color-scheme- wd-fontsize-s wd-list-type-image wd-list-style- wd-justify-left\">\n\t\t\t\t\t\t\t\t\t\t\t<li class=\"elementor-repeater-item-14e774a\">\n\t\t\t\t\t\t\t\t\t\t\t<img decoding=\"async\"  src=\"https:\/\/luckypresentshop.com\/wp-content\/uploads\/2023\/04\/wd-furniture-dot-list.svg\" title=\"wd-furniture-dot-list\" width=\"6\" height=\"6\">\t\t\t\t\t\n\t\t\t\t\t<span class=\"list-content\">\n\t\t\t\t\t\tW\u00e4hlen Sie Artikel in einem einzigen Farbschema und Stil\t\t\t\t\t<\/span>\n\n\t\t\t\t\t\t\t\t\t<\/li>\n\t\t\t\t\t\t\t\t\t\t\t<li class=\"elementor-repeater-item-f676396\">\n\t\t\t\t\t\t\t\t\t\t\t<img decoding=\"async\"  src=\"https:\/\/luckypresentshop.com\/wp-content\/uploads\/2023\/04\/wd-furniture-dot-list.svg\" title=\"wd-furniture-dot-list\" width=\"6\" height=\"6\">\t\t\t\t\t\n\t\t\t\t\t<span class=\"list-content\">\n\t\t\t\t\t\tBer\u00fccksichtigen Sie die Fl\u00e4che des Raumes\t\t\t\t\t<\/span>\n\n\t\t\t\t\t\t\t\t\t<\/li>\n\t\t\t\t\t\t\t\t\t\t\t<li class=\"elementor-repeater-item-5c6fb97\">\n\t\t\t\t\t\t\t\t\t\t\t<img decoding=\"async\"  src=\"https:\/\/luckypresentshop.com\/wp-content\/uploads\/2023\/04\/wd-furniture-dot-list.svg\" title=\"wd-furniture-dot-list\" width=\"6\" height=\"6\">\t\t\t\t\t\n\t\t\t\t\t<span class=\"list-content\">\n\t\t\t\t\t\tKaufen Sie keine unn\u00f6tigen M\u00f6belst\u00fccke\t\t\t\t\t<\/span>\n\n\t\t\t\t\t\t\t\t\t<\/li>\n\t\t\t\t\t<\/ul>\n\n\t\t\t\t\t\t<\/div>\n\t\t\t\t<\/div>\n\t\t\t\t\t<\/div>\n\t\t\t\t<\/div>\n\t\t\t\t<\/div>","protected":false},"excerpt":{"rendered":"<p>G\u00d6NNEN SIE IHREN F\u00dcSSEN BAUMWOLLE!<\/p>\n<p>Seien Sie ein HELD \u2026 tragen Sie Baumwollsocken.<\/p>\n<p>Bequem, nat\u00fcrlich, geruchsneutral, nachhaltig. Unser Gewebe besteht aus regenerierter Baumwolle f\u00fcr Nachhaltigkeit und Null Abfall. Hergestellt in unserer familiengef\u00fchrten Weberei in der T\u00fcrkei.<\/p>\n<p>Tragen Sie ein L\u00e4cheln auf Ihren F\u00fc\u00dfen!<\/p>","protected":false},"featured_media":1773,"comment_status":"open","ping_status":"closed","template":"","meta":{"_themeisle_gutenberg_block_has_review":false},"product_brand":[],"product_cat":[34],"product_tag":[],"class_list":{"0":"post-1772","1":"product","2":"type-product","3":"status-publish","4":"has-post-thumbnail","6":"product_cat-socks","8":"first","9":"instock","10":"shipping-taxable","11":"product-type-simple"},"_links":{"self":[{"href":"https:\/\/luckypresentshop.com\/de\/wp-json\/wp\/v2\/product\/1772","targetHints":{"allow":["GET"]}}],"collection":[{"href":"https:\/\/luckypresentshop.com\/de\/wp-json\/wp\/v2\/product"}],"about":[{"href":"https:\/\/luckypresentshop.com\/de\/wp-json\/wp\/v2\/types\/product"}],"replies":[{"embeddable":true,"href":"https:\/\/luckypresentshop.com\/de\/wp-json\/wp\/v2\/comments?post=1772"}],"version-history":[{"count":1,"href":"https:\/\/luckypresentshop.com\/de\/wp-json\/wp\/v2\/product\/1772\/revisions"}],"predecessor-version":[{"id":1777,"href":"https:\/\/luckypresentshop.com\/de\/wp-json\/wp\/v2\/product\/1772\/revisions\/1777"}],"wp:featuredmedia":[{"embeddable":true,"href":"https:\/\/luckypresentshop.com\/de\/wp-json\/wp\/v2\/media\/1773"}],"wp:attachment":[{"href":"https:\/\/luckypresentshop.com\/de\/wp-json\/wp\/v2\/media?parent=1772"}],"wp:term":[{"taxonomy":"product_brand","embeddable":true,"href":"https:\/\/luckypresentshop.com\/de\/wp-json\/wp\/v2\/product_brand?post=1772"},{"taxonomy":"product_cat","embeddable":true,"href":"https:\/\/luckypresentshop.com\/de\/wp-json\/wp\/v2\/product_cat?post=1772"},{"taxonomy":"product_tag","embeddable":true,"href":"https:\/\/luckypresentshop.com\/de\/wp-json\/wp\/v2\/product_tag?post=1772"}],"curies":[{"name":"wp","href":"https:\/\/api.w.org\/{rel}","templated":true}]}}